{"id":119856,"date":"2024-01-07T20:09:12","date_gmt":"2024-01-07T20:09:12","guid":{"rendered":"https:\/\/arret.si\/product\/frajla-blaufrankisch\/"},"modified":"2026-02-22T13:24:34","modified_gmt":"2026-02-22T13:24:34","slug":"frajla-modra-frankinja","status":"publish","type":"product","link":"https:\/\/arret.si\/sl\/product\/frajla-modra-frankinja\/","title":{"rendered":"Frajla"},"content":{"rendered":"<p>V \u0160entjernejskem nare\u010dju si predstavljamo FRAJLO kot \u00bbvpadljivo dekle svobodomiselnih nazorov in koketnega obna\u0161anja\u00ab. \u010ce tem lastnostim pri\u0161tejemo \u0161e bistrost, duhovitost, neodvisnost, igrivost in nagajivost dobimo FRAJLO \u2013 lisico, ki jo najdemo na (in V) buteljki na\u0161e modre frankinje.<\/p>\n<p>Modra frankinja je sorta, ki dozoreva pozneje. Obiramo jo sredi oktobra v vinogradih z nizkimi obremenitvami. Grozdje obiramo ro\u010dno, v manj\u0161e zaboje, da ne po\u0161kodujemo groznih jagod. Pecljanje in nato 7 dnevna fermentacija v odprtih kadeh, ro\u010dno potapljanje klobuka dvakrat na dan, sledi stiskanje. Prva polovica vina dokon\u010da fermentacijo v nerjave\u010dih posodah, druga polovica pa v 500L hrastovih sodih. 12 mese\u010dno zorenje, sledi tipizacija in stekleni\u010denje. Pred stekleni\u010denjem filtrirano.<\/p>\n<p>Vino je modrikasto rde\u010de barve s sadno aromo, ki spominja na robide, \u010de\u0161nje, vi\u0161nje. Vinogradi z nizkimi donosi omogo\u010dijo globoko intenzivnost modre frankinje, ki v vsakem po\u017eirku odra\u017ea svoj terroir. Vina so gladka z zmernimi kislinami, mehkimi tanini in dobro uravnote\u017eenimi alkoholi.<\/p>\n<p>Vsa pestrost okusov se najbolje razkrije pri servisiranju vina s temperaturo 16 \u00b0C.<\/p>\n<p>&nbsp;<\/p>\n","protected":false},"excerpt":{"rendered":"<p>&#8220;Vpadljivo dekle svobodomiselnih nazorov in koketnega obna\u0161anja&#8221;<\/p>\n","protected":false},"featured_media":119264,"comment_status":"open","ping_status":"closed","template":"","meta":{"_acf_changed":false},"product_brand":[],"product_cat":[134],"product_tag":[],"class_list":{"0":"post-119856","1":"product","2":"type-product","3":"status-publish","4":"has-post-thumbnail","6":"product_cat-vina","8":"first","9":"instock","10":"taxable","11":"shipping-taxable","12":"purchasable","13":"product-type-simple"},"acf":[],"yoast_head":"<!-- This site is optimized with the Yoast SEO Premium plugin v21.7 (Yoast SEO v26.7) - https:\/\/yoast.com\/wordpress\/plugins\/seo\/ -->\n<title>Modra frankinja, Frajla - Arret<\/title>\n<meta name=\"description\" content=\"Igriva modra frankinja iz kleti Arret Wines. Prav taka je kot FRAJLA, \u00bbvpadljivo dekle svobodomiselnih nazorov in koketnega obna\u0161anja\u00ab\" \/>\n<meta name=\"robots\" content=\"index, follow, max-snippet:-1, max-image-preview:large, max-video-preview:-1\" \/>\n<link rel=\"canonical\" href=\"https:\/\/arret.si\/sl\/product\/frajla-modra-frankinja\/\" \/>\n<meta property=\"og:locale\" content=\"sl_SI\" \/>\n<meta property=\"og:type\" content=\"article\" \/>\n<meta property=\"og:title\" content=\"Frajla\" \/>\n<meta property=\"og:description\" content=\"Igriva modra frankinja iz kleti Arret Wines. Prav taka je kot FRAJLA, \u00bbvpadljivo dekle svobodomiselnih nazorov in koketnega obna\u0161anja\u00ab\" \/>\n<meta property=\"og:url\" content=\"https:\/\/arret.si\/sl\/product\/frajla-modra-frankinja\/\" \/>\n<meta property=\"og:site_name\" content=\"Arret\" \/>\n<meta property=\"article:publisher\" content=\"https:\/\/www.facebook.com\/arretwines\" \/>\n<meta property=\"article:modified_time\" content=\"2026-02-22T13:24:34+00:00\" \/>\n<meta property=\"og:image\" content=\"https:\/\/arret.si\/wp-content\/uploads\/2023\/01\/Arret-Frajla-modra-frankinja-0.75L-v1.png\" \/>\n\t<meta property=\"og:image:width\" content=\"1500\" \/>\n\t<meta property=\"og:image:height\" content=\"1500\" \/>\n\t<meta property=\"og:image:type\" content=\"image\/png\" \/>\n<meta name=\"twitter:card\" content=\"summary_large_image\" \/>\n<meta name=\"twitter:label1\" content=\"Est. reading time\" \/>\n\t<meta name=\"twitter:data1\" content=\"1 minuta\" \/>\n<script type=\"application\/ld+json\" class=\"yoast-schema-graph\">{\"@context\":\"https:\/\/schema.org\",\"@graph\":[{\"@type\":\"WebPage\",\"@id\":\"https:\/\/arret.si\/sl\/product\/frajla-modra-frankinja\/\",\"url\":\"https:\/\/arret.si\/sl\/product\/frajla-modra-frankinja\/\",\"name\":\"Modra frankinja, Frajla - Arret\",\"isPartOf\":{\"@id\":\"https:\/\/arret.si\/sl\/#website\"},\"primaryImageOfPage\":{\"@id\":\"https:\/\/arret.si\/sl\/product\/frajla-modra-frankinja\/#primaryimage\"},\"image\":{\"@id\":\"https:\/\/arret.si\/sl\/product\/frajla-modra-frankinja\/#primaryimage\"},\"thumbnailUrl\":\"https:\/\/arret.si\/wp-content\/uploads\/2023\/01\/Arret-Frajla-modra-frankinja-0.75L-v1.png\",\"datePublished\":\"2024-01-07T20:09:12+00:00\",\"dateModified\":\"2026-02-22T13:24:34+00:00\",\"description\":\"Igriva modra frankinja iz kleti Arret Wines. Prav taka je kot FRAJLA, \u00bbvpadljivo dekle svobodomiselnih nazorov in koketnega obna\u0161anja\u00ab\",\"breadcrumb\":{\"@id\":\"https:\/\/arret.si\/sl\/product\/frajla-modra-frankinja\/#breadcrumb\"},\"inLanguage\":\"sl-SI\",\"potentialAction\":[{\"@type\":\"ReadAction\",\"target\":[\"https:\/\/arret.si\/sl\/product\/frajla-modra-frankinja\/\"]}]},{\"@type\":\"ImageObject\",\"inLanguage\":\"sl-SI\",\"@id\":\"https:\/\/arret.si\/sl\/product\/frajla-modra-frankinja\/#primaryimage\",\"url\":\"https:\/\/arret.si\/wp-content\/uploads\/2023\/01\/Arret-Frajla-modra-frankinja-0.75L-v1.png\",\"contentUrl\":\"https:\/\/arret.si\/wp-content\/uploads\/2023\/01\/Arret-Frajla-modra-frankinja-0.75L-v1.png\",\"width\":1500,\"height\":1500,\"caption\":\"Steklenica modra frankinja, volumen 0.75L, Frajla\"},{\"@type\":\"BreadcrumbList\",\"@id\":\"https:\/\/arret.si\/sl\/product\/frajla-modra-frankinja\/#breadcrumb\",\"itemListElement\":[{\"@type\":\"ListItem\",\"position\":1,\"name\":\"Home\",\"item\":\"https:\/\/arret.si\/sl\/\"},{\"@type\":\"ListItem\",\"position\":2,\"name\":\"Spletna trgovina\",\"item\":\"https:\/\/arret.si\/sl\/trgovina\/\"},{\"@type\":\"ListItem\",\"position\":3,\"name\":\"Frajla\"}]},{\"@type\":\"WebSite\",\"@id\":\"https:\/\/arret.si\/sl\/#website\",\"url\":\"https:\/\/arret.si\/sl\/\",\"name\":\"Arret Wines\",\"description\":\"Arret Wines\",\"publisher\":{\"@id\":\"https:\/\/arret.si\/sl\/#organization\"},\"potentialAction\":[{\"@type\":\"SearchAction\",\"target\":{\"@type\":\"EntryPoint\",\"urlTemplate\":\"https:\/\/arret.si\/sl\/?s={search_term_string}\"},\"query-input\":{\"@type\":\"PropertyValueSpecification\",\"valueRequired\":true,\"valueName\":\"search_term_string\"}}],\"inLanguage\":\"sl-SI\"},{\"@type\":\"Organization\",\"@id\":\"https:\/\/arret.si\/sl\/#organization\",\"name\":\"Arret Wines\",\"url\":\"https:\/\/arret.si\/sl\/\",\"logo\":{\"@type\":\"ImageObject\",\"inLanguage\":\"sl-SI\",\"@id\":\"https:\/\/arret.si\/sl\/#\/schema\/logo\/image\/\",\"url\":\"https:\/\/arret.si\/wp-content\/uploads\/2023\/01\/arret-logo-prim-gold-1.jpg\",\"contentUrl\":\"https:\/\/arret.si\/wp-content\/uploads\/2023\/01\/arret-logo-prim-gold-1.jpg\",\"width\":695,\"height\":535,\"caption\":\"Arret Wines\"},\"image\":{\"@id\":\"https:\/\/arret.si\/sl\/#\/schema\/logo\/image\/\"},\"sameAs\":[\"https:\/\/www.facebook.com\/arretwines\",\"https:\/\/www.instagram.com\/arretwines\/\",\"https:\/\/www.tripadvisor.com\/Attraction_Review-g3601992-d24863301-Reviews-Arret_Wines-Sentjernej_Lower_Carniola_Region.html\"]}]}<\/script>\n<!-- \/ Yoast SEO Premium plugin. -->","yoast_head_json":{"title":"Modra frankinja, Frajla - Arret","description":"Igriva modra frankinja iz kleti Arret Wines. Prav taka je kot FRAJLA, \u00bbvpadljivo dekle svobodomiselnih nazorov in koketnega obna\u0161anja\u00ab","robots":{"index":"index","follow":"follow","max-snippet":"max-snippet:-1","max-image-preview":"max-image-preview:large","max-video-preview":"max-video-preview:-1"},"canonical":"https:\/\/arret.si\/sl\/product\/frajla-modra-frankinja\/","og_locale":"sl_SI","og_type":"article","og_title":"Frajla","og_description":"Igriva modra frankinja iz kleti Arret Wines. Prav taka je kot FRAJLA, \u00bbvpadljivo dekle svobodomiselnih nazorov in koketnega obna\u0161anja\u00ab","og_url":"https:\/\/arret.si\/sl\/product\/frajla-modra-frankinja\/","og_site_name":"Arret","article_publisher":"https:\/\/www.facebook.com\/arretwines","article_modified_time":"2026-02-22T13:24:34+00:00","og_image":[{"width":1500,"height":1500,"url":"https:\/\/arret.si\/wp-content\/uploads\/2023\/01\/Arret-Frajla-modra-frankinja-0.75L-v1.png","type":"image\/png"}],"twitter_card":"summary_large_image","twitter_misc":{"Est. reading time":"1 minuta"},"schema":{"@context":"https:\/\/schema.org","@graph":[{"@type":"WebPage","@id":"https:\/\/arret.si\/sl\/product\/frajla-modra-frankinja\/","url":"https:\/\/arret.si\/sl\/product\/frajla-modra-frankinja\/","name":"Modra frankinja, Frajla - Arret","isPartOf":{"@id":"https:\/\/arret.si\/sl\/#website"},"primaryImageOfPage":{"@id":"https:\/\/arret.si\/sl\/product\/frajla-modra-frankinja\/#primaryimage"},"image":{"@id":"https:\/\/arret.si\/sl\/product\/frajla-modra-frankinja\/#primaryimage"},"thumbnailUrl":"https:\/\/arret.si\/wp-content\/uploads\/2023\/01\/Arret-Frajla-modra-frankinja-0.75L-v1.png","datePublished":"2024-01-07T20:09:12+00:00","dateModified":"2026-02-22T13:24:34+00:00","description":"Igriva modra frankinja iz kleti Arret Wines. Prav taka je kot FRAJLA, \u00bbvpadljivo dekle svobodomiselnih nazorov in koketnega obna\u0161anja\u00ab","breadcrumb":{"@id":"https:\/\/arret.si\/sl\/product\/frajla-modra-frankinja\/#breadcrumb"},"inLanguage":"sl-SI","potentialAction":[{"@type":"ReadAction","target":["https:\/\/arret.si\/sl\/product\/frajla-modra-frankinja\/"]}]},{"@type":"ImageObject","inLanguage":"sl-SI","@id":"https:\/\/arret.si\/sl\/product\/frajla-modra-frankinja\/#primaryimage","url":"https:\/\/arret.si\/wp-content\/uploads\/2023\/01\/Arret-Frajla-modra-frankinja-0.75L-v1.png","contentUrl":"https:\/\/arret.si\/wp-content\/uploads\/2023\/01\/Arret-Frajla-modra-frankinja-0.75L-v1.png","width":1500,"height":1500,"caption":"Steklenica modra frankinja, volumen 0.75L, Frajla"},{"@type":"BreadcrumbList","@id":"https:\/\/arret.si\/sl\/product\/frajla-modra-frankinja\/#breadcrumb","itemListElement":[{"@type":"ListItem","position":1,"name":"Home","item":"https:\/\/arret.si\/sl\/"},{"@type":"ListItem","position":2,"name":"Spletna trgovina","item":"https:\/\/arret.si\/sl\/trgovina\/"},{"@type":"ListItem","position":3,"name":"Frajla"}]},{"@type":"WebSite","@id":"https:\/\/arret.si\/sl\/#website","url":"https:\/\/arret.si\/sl\/","name":"Arret Wines","description":"Arret Wines","publisher":{"@id":"https:\/\/arret.si\/sl\/#organization"},"potentialAction":[{"@type":"SearchAction","target":{"@type":"EntryPoint","urlTemplate":"https:\/\/arret.si\/sl\/?s={search_term_string}"},"query-input":{"@type":"PropertyValueSpecification","valueRequired":true,"valueName":"search_term_string"}}],"inLanguage":"sl-SI"},{"@type":"Organization","@id":"https:\/\/arret.si\/sl\/#organization","name":"Arret Wines","url":"https:\/\/arret.si\/sl\/","logo":{"@type":"ImageObject","inLanguage":"sl-SI","@id":"https:\/\/arret.si\/sl\/#\/schema\/logo\/image\/","url":"https:\/\/arret.si\/wp-content\/uploads\/2023\/01\/arret-logo-prim-gold-1.jpg","contentUrl":"https:\/\/arret.si\/wp-content\/uploads\/2023\/01\/arret-logo-prim-gold-1.jpg","width":695,"height":535,"caption":"Arret Wines"},"image":{"@id":"https:\/\/arret.si\/sl\/#\/schema\/logo\/image\/"},"sameAs":["https:\/\/www.facebook.com\/arretwines","https:\/\/www.instagram.com\/arretwines\/","https:\/\/www.tripadvisor.com\/Attraction_Review-g3601992-d24863301-Reviews-Arret_Wines-Sentjernej_Lower_Carniola_Region.html"]}]}},"_links":{"self":[{"href":"https:\/\/arret.si\/sl\/wp-json\/wp\/v2\/product\/119856","targetHints":{"allow":["GET"]}}],"collection":[{"href":"https:\/\/arret.si\/sl\/wp-json\/wp\/v2\/product"}],"about":[{"href":"https:\/\/arret.si\/sl\/wp-json\/wp\/v2\/types\/product"}],"replies":[{"embeddable":true,"href":"https:\/\/arret.si\/sl\/wp-json\/wp\/v2\/comments?post=119856"}],"wp:featuredmedia":[{"embeddable":true,"href":"https:\/\/arret.si\/sl\/wp-json\/wp\/v2\/media\/119264"}],"wp:attachment":[{"href":"https:\/\/arret.si\/sl\/wp-json\/wp\/v2\/media?parent=119856"}],"wp:term":[{"taxonomy":"product_brand","embeddable":true,"href":"https:\/\/arret.si\/sl\/wp-json\/wp\/v2\/product_brand?post=119856"},{"taxonomy":"product_cat","embeddable":true,"href":"https:\/\/arret.si\/sl\/wp-json\/wp\/v2\/product_cat?post=119856"},{"taxonomy":"product_tag","embeddable":true,"href":"https:\/\/arret.si\/sl\/wp-json\/wp\/v2\/product_tag?post=119856"}],"curies":[{"name":"wp","href":"https:\/\/api.w.org\/{rel}","templated":true}]}}