{"id":120160,"date":"2024-12-11T20:01:38","date_gmt":"2024-12-11T20:01:38","guid":{"rendered":"https:\/\/arret.si\/?post_type=product&#038;p=120160"},"modified":"2025-12-23T07:26:49","modified_gmt":"2025-12-23T07:26:49","slug":"cwizl-pet-nat","status":"publish","type":"product","link":"https:\/\/arret.si\/sl\/product\/cwizl-pet-nat\/","title":{"rendered":"Cwizl"},"content":{"rendered":"<p>Mehur\u010dkasta senzacija pet-nat je narejena iz lokalnih sort \u017eametne \u010drnine, modre frankinje in kraljevine . Ne\u017ena rose barve, rahlo motno, dego\u017eirano suho pene\u010de vino z mehkimi in \u017eivahnimi mehur\u010dki. V okusu in vonju zaznamo sadne arome po drobnem jagodi\u010devju. Zelo pitno s prijetno kislino. \u00a0Odlikuje ga nizka alkoholna stopnja, nizka kalori\u010dna vrednost in nizka vsebnost \u017evepla.<\/p>\n<p>Pecljanje, stiskanje in nato kontrolirana fermentacija v nerjave\u010dih posodah, da ohranimo sortno aromatiko. Pet-Nat je okraj\u0161ava za francoski izraz petillant-naturelle, metoda pridelave se imenuje tudi \u00bbmethode ancestrale\u00ab. To je naravno pene\u010de vino, ki ga napolnimo v steklenice, \u0161e preden se kon\u010da prvo vrenje in tako omogo\u010dimo tvorjenje mehur\u010dkov iz naravnih sladkorjev, ki so prisotni v grozdju. Dego\u017eiran.<\/p>\n","protected":false},"excerpt":{"rendered":"<p>&#8220;Kmet je pridelal, svetniki so pa po\u017erli&#8221;<\/p>\n","protected":false},"featured_media":120402,"comment_status":"open","ping_status":"closed","template":"","meta":{"_acf_changed":false},"product_brand":[],"product_cat":[161],"product_tag":[],"class_list":{"0":"post-120160","1":"product","2":"type-product","3":"status-publish","4":"has-post-thumbnail","6":"product_cat-pet-nati","8":"first","9":"instock","10":"taxable","11":"shipping-taxable","12":"purchasable","13":"product-type-simple"},"acf":[],"yoast_head":"<!-- This site is optimized with the Yoast SEO Premium plugin v21.7 (Yoast SEO v26.7) - https:\/\/yoast.com\/wordpress\/plugins\/seo\/ -->\n<title>Pet-nat, Cwizl - Arret<\/title>\n<meta name=\"description\" content=\"Pene\u010da senzacija pet-nat iz lokalnih sort. Ne\u017ena rose barva, sadne arome jagodi\u010devja, nizka alkoholna stopnja in prijetna kislina\" \/>\n<meta name=\"robots\" content=\"index, follow, max-snippet:-1, max-image-preview:large, max-video-preview:-1\" \/>\n<link rel=\"canonical\" href=\"https:\/\/arret.si\/sl\/product\/cwizl-pet-nat\/\" \/>\n<meta property=\"og:locale\" content=\"sl_SI\" \/>\n<meta property=\"og:type\" content=\"article\" \/>\n<meta property=\"og:title\" content=\"Cwizl\" \/>\n<meta property=\"og:description\" content=\"Pene\u010da senzacija pet-nat iz lokalnih sort. Ne\u017ena rose barva, sadne arome jagodi\u010devja, nizka alkoholna stopnja in prijetna kislina\" \/>\n<meta property=\"og:url\" content=\"https:\/\/arret.si\/sl\/product\/cwizl-pet-nat\/\" \/>\n<meta property=\"og:site_name\" content=\"Arret\" \/>\n<meta property=\"article:publisher\" content=\"https:\/\/www.facebook.com\/arretwines\" \/>\n<meta property=\"article:modified_time\" content=\"2025-12-23T07:26:49+00:00\" \/>\n<meta property=\"og:image\" content=\"https:\/\/arret.si\/wp-content\/uploads\/2025\/02\/Arret-Cwizl-pet-nat-0.75L-\u2013-square.png\" \/>\n\t<meta property=\"og:image:width\" content=\"1500\" \/>\n\t<meta property=\"og:image:height\" content=\"1500\" \/>\n\t<meta property=\"og:image:type\" content=\"image\/png\" \/>\n<meta name=\"twitter:card\" content=\"summary_large_image\" \/>\n<meta name=\"twitter:label1\" content=\"Est. reading time\" \/>\n\t<meta name=\"twitter:data1\" content=\"1 minuta\" \/>\n<script type=\"application\/ld+json\" class=\"yoast-schema-graph\">{\"@context\":\"https:\/\/schema.org\",\"@graph\":[{\"@type\":\"WebPage\",\"@id\":\"https:\/\/arret.si\/sl\/product\/cwizl-pet-nat\/\",\"url\":\"https:\/\/arret.si\/sl\/product\/cwizl-pet-nat\/\",\"name\":\"Pet-nat, Cwizl - Arret\",\"isPartOf\":{\"@id\":\"https:\/\/arret.si\/sl\/#website\"},\"primaryImageOfPage\":{\"@id\":\"https:\/\/arret.si\/sl\/product\/cwizl-pet-nat\/#primaryimage\"},\"image\":{\"@id\":\"https:\/\/arret.si\/sl\/product\/cwizl-pet-nat\/#primaryimage\"},\"thumbnailUrl\":\"https:\/\/arret.si\/wp-content\/uploads\/2025\/02\/Arret-Cwizl-pet-nat-0.75L-\u2013-square.png\",\"datePublished\":\"2024-12-11T20:01:38+00:00\",\"dateModified\":\"2025-12-23T07:26:49+00:00\",\"description\":\"Pene\u010da senzacija pet-nat iz lokalnih sort. Ne\u017ena rose barva, sadne arome jagodi\u010devja, nizka alkoholna stopnja in prijetna kislina\",\"breadcrumb\":{\"@id\":\"https:\/\/arret.si\/sl\/product\/cwizl-pet-nat\/#breadcrumb\"},\"inLanguage\":\"sl-SI\",\"potentialAction\":[{\"@type\":\"ReadAction\",\"target\":[\"https:\/\/arret.si\/sl\/product\/cwizl-pet-nat\/\"]}]},{\"@type\":\"ImageObject\",\"inLanguage\":\"sl-SI\",\"@id\":\"https:\/\/arret.si\/sl\/product\/cwizl-pet-nat\/#primaryimage\",\"url\":\"https:\/\/arret.si\/wp-content\/uploads\/2025\/02\/Arret-Cwizl-pet-nat-0.75L-\u2013-square.png\",\"contentUrl\":\"https:\/\/arret.si\/wp-content\/uploads\/2025\/02\/Arret-Cwizl-pet-nat-0.75L-\u2013-square.png\",\"width\":1500,\"height\":1500,\"caption\":\"Bottle of Pet-nat, volume 0.75 liter, Cwizl\"},{\"@type\":\"BreadcrumbList\",\"@id\":\"https:\/\/arret.si\/sl\/product\/cwizl-pet-nat\/#breadcrumb\",\"itemListElement\":[{\"@type\":\"ListItem\",\"position\":1,\"name\":\"Home\",\"item\":\"https:\/\/arret.si\/sl\/\"},{\"@type\":\"ListItem\",\"position\":2,\"name\":\"Spletna trgovina\",\"item\":\"https:\/\/arret.si\/sl\/trgovina\/\"},{\"@type\":\"ListItem\",\"position\":3,\"name\":\"Cwizl\"}]},{\"@type\":\"WebSite\",\"@id\":\"https:\/\/arret.si\/sl\/#website\",\"url\":\"https:\/\/arret.si\/sl\/\",\"name\":\"Arret Wines\",\"description\":\"Arret Wines\",\"publisher\":{\"@id\":\"https:\/\/arret.si\/sl\/#organization\"},\"potentialAction\":[{\"@type\":\"SearchAction\",\"target\":{\"@type\":\"EntryPoint\",\"urlTemplate\":\"https:\/\/arret.si\/sl\/?s={search_term_string}\"},\"query-input\":{\"@type\":\"PropertyValueSpecification\",\"valueRequired\":true,\"valueName\":\"search_term_string\"}}],\"inLanguage\":\"sl-SI\"},{\"@type\":\"Organization\",\"@id\":\"https:\/\/arret.si\/sl\/#organization\",\"name\":\"Arret Wines\",\"url\":\"https:\/\/arret.si\/sl\/\",\"logo\":{\"@type\":\"ImageObject\",\"inLanguage\":\"sl-SI\",\"@id\":\"https:\/\/arret.si\/sl\/#\/schema\/logo\/image\/\",\"url\":\"https:\/\/arret.si\/wp-content\/uploads\/2023\/01\/arret-logo-prim-gold-1.jpg\",\"contentUrl\":\"https:\/\/arret.si\/wp-content\/uploads\/2023\/01\/arret-logo-prim-gold-1.jpg\",\"width\":695,\"height\":535,\"caption\":\"Arret Wines\"},\"image\":{\"@id\":\"https:\/\/arret.si\/sl\/#\/schema\/logo\/image\/\"},\"sameAs\":[\"https:\/\/www.facebook.com\/arretwines\",\"https:\/\/www.instagram.com\/arretwines\/\",\"https:\/\/www.tripadvisor.com\/Attraction_Review-g3601992-d24863301-Reviews-Arret_Wines-Sentjernej_Lower_Carniola_Region.html\"]}]}<\/script>\n<!-- \/ Yoast SEO Premium plugin. -->","yoast_head_json":{"title":"Pet-nat, Cwizl - Arret","description":"Pene\u010da senzacija pet-nat iz lokalnih sort. Ne\u017ena rose barva, sadne arome jagodi\u010devja, nizka alkoholna stopnja in prijetna kislina","robots":{"index":"index","follow":"follow","max-snippet":"max-snippet:-1","max-image-preview":"max-image-preview:large","max-video-preview":"max-video-preview:-1"},"canonical":"https:\/\/arret.si\/sl\/product\/cwizl-pet-nat\/","og_locale":"sl_SI","og_type":"article","og_title":"Cwizl","og_description":"Pene\u010da senzacija pet-nat iz lokalnih sort. Ne\u017ena rose barva, sadne arome jagodi\u010devja, nizka alkoholna stopnja in prijetna kislina","og_url":"https:\/\/arret.si\/sl\/product\/cwizl-pet-nat\/","og_site_name":"Arret","article_publisher":"https:\/\/www.facebook.com\/arretwines","article_modified_time":"2025-12-23T07:26:49+00:00","og_image":[{"width":1500,"height":1500,"url":"https:\/\/arret.si\/wp-content\/uploads\/2025\/02\/Arret-Cwizl-pet-nat-0.75L-\u2013-square.png","type":"image\/png"}],"twitter_card":"summary_large_image","twitter_misc":{"Est. reading time":"1 minuta"},"schema":{"@context":"https:\/\/schema.org","@graph":[{"@type":"WebPage","@id":"https:\/\/arret.si\/sl\/product\/cwizl-pet-nat\/","url":"https:\/\/arret.si\/sl\/product\/cwizl-pet-nat\/","name":"Pet-nat, Cwizl - Arret","isPartOf":{"@id":"https:\/\/arret.si\/sl\/#website"},"primaryImageOfPage":{"@id":"https:\/\/arret.si\/sl\/product\/cwizl-pet-nat\/#primaryimage"},"image":{"@id":"https:\/\/arret.si\/sl\/product\/cwizl-pet-nat\/#primaryimage"},"thumbnailUrl":"https:\/\/arret.si\/wp-content\/uploads\/2025\/02\/Arret-Cwizl-pet-nat-0.75L-\u2013-square.png","datePublished":"2024-12-11T20:01:38+00:00","dateModified":"2025-12-23T07:26:49+00:00","description":"Pene\u010da senzacija pet-nat iz lokalnih sort. Ne\u017ena rose barva, sadne arome jagodi\u010devja, nizka alkoholna stopnja in prijetna kislina","breadcrumb":{"@id":"https:\/\/arret.si\/sl\/product\/cwizl-pet-nat\/#breadcrumb"},"inLanguage":"sl-SI","potentialAction":[{"@type":"ReadAction","target":["https:\/\/arret.si\/sl\/product\/cwizl-pet-nat\/"]}]},{"@type":"ImageObject","inLanguage":"sl-SI","@id":"https:\/\/arret.si\/sl\/product\/cwizl-pet-nat\/#primaryimage","url":"https:\/\/arret.si\/wp-content\/uploads\/2025\/02\/Arret-Cwizl-pet-nat-0.75L-\u2013-square.png","contentUrl":"https:\/\/arret.si\/wp-content\/uploads\/2025\/02\/Arret-Cwizl-pet-nat-0.75L-\u2013-square.png","width":1500,"height":1500,"caption":"Bottle of Pet-nat, volume 0.75 liter, Cwizl"},{"@type":"BreadcrumbList","@id":"https:\/\/arret.si\/sl\/product\/cwizl-pet-nat\/#breadcrumb","itemListElement":[{"@type":"ListItem","position":1,"name":"Home","item":"https:\/\/arret.si\/sl\/"},{"@type":"ListItem","position":2,"name":"Spletna trgovina","item":"https:\/\/arret.si\/sl\/trgovina\/"},{"@type":"ListItem","position":3,"name":"Cwizl"}]},{"@type":"WebSite","@id":"https:\/\/arret.si\/sl\/#website","url":"https:\/\/arret.si\/sl\/","name":"Arret Wines","description":"Arret Wines","publisher":{"@id":"https:\/\/arret.si\/sl\/#organization"},"potentialAction":[{"@type":"SearchAction","target":{"@type":"EntryPoint","urlTemplate":"https:\/\/arret.si\/sl\/?s={search_term_string}"},"query-input":{"@type":"PropertyValueSpecification","valueRequired":true,"valueName":"search_term_string"}}],"inLanguage":"sl-SI"},{"@type":"Organization","@id":"https:\/\/arret.si\/sl\/#organization","name":"Arret Wines","url":"https:\/\/arret.si\/sl\/","logo":{"@type":"ImageObject","inLanguage":"sl-SI","@id":"https:\/\/arret.si\/sl\/#\/schema\/logo\/image\/","url":"https:\/\/arret.si\/wp-content\/uploads\/2023\/01\/arret-logo-prim-gold-1.jpg","contentUrl":"https:\/\/arret.si\/wp-content\/uploads\/2023\/01\/arret-logo-prim-gold-1.jpg","width":695,"height":535,"caption":"Arret Wines"},"image":{"@id":"https:\/\/arret.si\/sl\/#\/schema\/logo\/image\/"},"sameAs":["https:\/\/www.facebook.com\/arretwines","https:\/\/www.instagram.com\/arretwines\/","https:\/\/www.tripadvisor.com\/Attraction_Review-g3601992-d24863301-Reviews-Arret_Wines-Sentjernej_Lower_Carniola_Region.html"]}]}},"_links":{"self":[{"href":"https:\/\/arret.si\/sl\/wp-json\/wp\/v2\/product\/120160","targetHints":{"allow":["GET"]}}],"collection":[{"href":"https:\/\/arret.si\/sl\/wp-json\/wp\/v2\/product"}],"about":[{"href":"https:\/\/arret.si\/sl\/wp-json\/wp\/v2\/types\/product"}],"replies":[{"embeddable":true,"href":"https:\/\/arret.si\/sl\/wp-json\/wp\/v2\/comments?post=120160"}],"wp:featuredmedia":[{"embeddable":true,"href":"https:\/\/arret.si\/sl\/wp-json\/wp\/v2\/media\/120402"}],"wp:attachment":[{"href":"https:\/\/arret.si\/sl\/wp-json\/wp\/v2\/media?parent=120160"}],"wp:term":[{"taxonomy":"product_brand","embeddable":true,"href":"https:\/\/arret.si\/sl\/wp-json\/wp\/v2\/product_brand?post=120160"},{"taxonomy":"product_cat","embeddable":true,"href":"https:\/\/arret.si\/sl\/wp-json\/wp\/v2\/product_cat?post=120160"},{"taxonomy":"product_tag","embeddable":true,"href":"https:\/\/arret.si\/sl\/wp-json\/wp\/v2\/product_tag?post=120160"}],"curies":[{"name":"wp","href":"https:\/\/api.w.org\/{rel}","templated":true}]}}